{"id":17,"date":"2026-03-10T15:29:05","date_gmt":"2026-03-10T15:29:05","guid":{"rendered":"https:\/\/noraartetxeornes.rkinformatika.online\/?page_id=17"},"modified":"2026-03-17T16:30:40","modified_gmt":"2026-03-17T16:30:40","slug":"accesibilidad","status":"publish","type":"page","link":"https:\/\/noraartetxeornes.com\/es\/accesibilidad\/","title":{"rendered":"Accesibilidad"},"content":{"rendered":"<div data-elementor-type=\"wp-page\" data-elementor-id=\"17\" class=\"elementor elementor-17\" data-elementor-post-type=\"page\">\n\t\t\t\t\t\t<section class=\"elementor-section elementor-inner-section elementor-element elementor-element-64504eeb elementor-section-height-default elementor-section-boxed elementor-section-height-default\" data-id=\"64504eeb\" data-element_type=\"section\" data-e-type=\"section\" data-settings=\"{&quot;background_background&quot;:&quot;classic&quot;}\">\n\t\t\t\t\t\t<div class=\"elementor-container elementor-column-gap-default\">\n\t\t\t\t\t<div class=\"elementor-column elementor-col-100 elementor-top-column elementor-element elementor-element-4273d1ec\" data-id=\"4273d1ec\" data-element_type=\"column\" data-e-type=\"column\">\n\t\t\t<div class=\"elementor-widget-wrap elementor-element-populated\">\n\t\t\t\t\t\t<div class=\"elementor-element elementor-element-107494f5 elementor-widget elementor-widget-text-editor\" data-id=\"107494f5\" data-element_type=\"widget\" data-e-type=\"widget\" data-widget_type=\"text-editor.default\">\n\t\t\t\t\t\t\t\t\t<h1>Accesibilidad<\/h1>\n<p><b>Oxangoiti<\/b><b style=\"font-size: 1rem;\">&nbsp;<\/b><span style=\"font-size: 1rem;\">se ha comprometido a hacer que su sitio web sea accesible, de conformidad con la&nbsp;<\/span><a style=\"background-color: #fffbea; font-size: 1rem;\" href=\"https:\/\/www.boe.es\/diario_boe\/txt.php?id=BOE-A-2018-12699\" target=\"_blank\" rel=\"noopener\">Real Decreto 1112\/2018, de 7 de septiembre, sobre la accesibilidad de los sitios web y las aplicaciones m\u00f3viles del sector p\u00fablico.<\/a><\/p>\n<p>Esta declaraci\u00f3n de accesibilidad se aplica al sitio web&nbsp;<b>https:\/\/noraartetxeornes.com\/<\/b><\/p>\n<h2>Estado de cumplimiento<\/h2>\n<p>Este sitio web cumple parcialmente con las&nbsp;<a href=\"https:\/\/www.boe.es\/diario_boe\/txt.php?id=BOE-A-2018-12699\" target=\"_blank\" rel=\"noopener\">RD 1112\/2018<\/a>.<\/p>\n<h2>Preparaci\u00f3n de la pr\u00f3xima declaraci\u00f3n de accesibilidad<\/h2>\n<p>La presente declaraci\u00f3n se redact\u00f3 el<strong>&nbsp;17&nbsp;<\/strong><b>de marzo<\/b><b>&nbsp;de 2026.<\/b><\/p>\n<p>El m\u00e9todo utilizado para elaborar la declaraci\u00f3n fue una autoevaluaci\u00f3n realizada por la propia organizaci\u00f3n.<\/p>\n<p>Observaciones y datos de contacto<\/p>\n<p>Puede enviar sus comunicaciones relativas a los requisitos de accesibilidad (art\u00edculo 10.2.a del Real Decreto 1112\/2018), tales como:<\/p>\n<ul>\n<li>Denuncia cualquier posible infracci\u00f3n cometida por este sitio web<\/li>\n<li>Informa de otras dificultades para acceder al contenido<\/li>\n<li>Env\u00eda cualquier otra consulta o sugerencia de mejora relacionada con la accesibilidad del sitio web.<\/li>\n<\/ul>\n<p>a trav\u00e9s del formulario de contacto de esta p\u00e1gina web o por tel\u00e9fono al (+34)&nbsp;<b>944 555 037<\/b><\/p>\n<p>Puede presentar:<\/p>\n<ul>\n<li>Reclamaci\u00f3n relativa al cumplimiento de los requisitos del Real Decreto 1112\/2018 o<\/li>\n<li>Solicitud de informaci\u00f3n accesible sobre:\n<ul>\n<li>Contenidos excluidos del \u00e1mbito de aplicaci\u00f3n del Real Decreto 1112\/2018, seg\u00fan lo establecido en el art\u00edculo 3, apartado 4<\/li>\n<li>Contenido que est\u00e1 exento del cumplimiento de los requisitos de accesibilidad, ya que ello supondr\u00eda una carga desproporcionada.<\/li>\n<\/ul>\n<\/li>\n<\/ul>\n<p>En la solicitud de informaci\u00f3n accesible, deben especificarse con total claridad los hechos, los motivos y la petici\u00f3n, de modo que pueda determinarse que la solicitud es razonable y leg\u00edtima.<\/p>\n<p>Las quejas y reclamaciones relativas a la informaci\u00f3n accesible se presentar\u00e1n a trav\u00e9s del portal electr\u00f3nico (<b>https:\/\/noraartetxeornes.com\/contacto\/<\/b>)<span style=\"color: #000000;\">, y ser\u00e1n recibidos y tramitados por el departamento de Sistemas de Informaci\u00f3n de <b>Oxangoiti<\/b><\/span><span style=\"font-family: var( --e-global-typography-text-font-family ), Sans-serif; font-weight: var( --e-global-typography-text-font-weight ); font-size: 1rem;\">.<\/span><\/p>\n<h2>Contenido opcional<\/h2>\n<p>Este portal est\u00e1 dise\u00f1ado para que puedas cambiar el tama\u00f1o y el color del texto, as\u00ed como el fondo de la p\u00e1gina, utilizando los ajustes est\u00e1ndar del navegador.<\/p>\n<p>Para cambiar el tama\u00f1o de la fuente del texto en los principales navegadores gr\u00e1ficos, utiliza los siguientes men\u00fas:<\/p>\n<ul>\n<li>Internet Explorer, Mozilla y Firefox: Ver &gt; Tama\u00f1o del texto<\/li>\n<li>Opera: Ver &gt; Zoom<\/li>\n<li>Safari: Ver &gt; Aumentar el tama\u00f1o del texto<\/li>\n<li>Chrome: Controlar la p\u00e1gina actual &gt; Tama\u00f1o del texto<\/li>\n<li>Para modificar el tama\u00f1o de todos los elementos de la p\u00e1gina:\n<ul>\n<li>Ctrl + + para aumentarlo<\/li>\n<li>Ctrl + \u2013 para reducirlo<\/li>\n<li>Ctrl + 0 restaura el tama\u00f1o original del texto<\/li>\n<li>Si quieres anular la hoja de estilos o cambiar el color del texto, puedes consultar la p\u00e1gina.&nbsp;<span lang=\"en-US\">C\u00f3mo cambiar el tama\u00f1o o el color del texto seg\u00fan la WAI<\/span>, que puedes leer traducido al espa\u00f1ol en \u00ab\u00bfC\u00f3mo cambiar el tama\u00f1o o los colores del texto?\u00bb.<\/li>\n<\/ul>\n<\/li>\n<\/ul>\t\t\t\t\t\t\t\t<\/div>\n\t\t\t\t\t<\/div>\n\t\t<\/div>\n\t\t\t\t\t<\/div>\n\t\t<\/section>\n\t\t\t\t<\/div>","protected":false},"excerpt":{"rendered":"<p>ACCESIBILIDAD Oxangoiti&nbsp;se ha comprometido a hacer accesible su sitio web, de conformidad con el&nbsp;Real Decreto 1112\/2018, de 7 de septiembre, sobre accesibilidad de los sitios web y aplicaciones para dispositivos m\u00f3viles del sector p\u00fablico. La presente declaraci\u00f3n de accesibilidad se aplica al sitio web&nbsp;https:\/\/noraartetxeornes.com\/ Situaci\u00f3n de cumplimiento Este sitio web es parcialmente conforme con el&nbsp;RD [&hellip;]<\/p>\n","protected":false},"author":1,"featured_media":0,"parent":0,"menu_order":0,"comment_status":"closed","ping_status":"closed","template":"elementor_canvas","meta":{"footnotes":""},"class_list":["post-17","page","type-page","status-publish","hentry"],"yoast_head":"<!-- This site is optimized with the Yoast SEO plugin v27.4 - https:\/\/yoast.com\/product\/yoast-seo-wordpress\/ -->\n<title>Irisgarritasuna - Oxangoiti<\/title>\n<meta name=\"robots\" content=\"index, follow, max-snippet:-1, max-image-preview:large, max-video-preview:-1\" \/>\n<link rel=\"canonical\" href=\"https:\/\/noraartetxeornes.com\/es\/accesibilidad\/\" \/>\n<meta property=\"og:locale\" content=\"es_ES\" \/>\n<meta property=\"og:type\" content=\"article\" \/>\n<meta property=\"og:title\" content=\"Irisgarritasuna - Oxangoiti\" \/>\n<meta property=\"og:description\" content=\"ACCESIBILIDAD Oxangoiti&nbsp;se ha comprometido a hacer accesible su sitio web, de conformidad con el&nbsp;Real Decreto 1112\/2018, de 7 de septiembre, sobre accesibilidad de los sitios web y aplicaciones para dispositivos m\u00f3viles del sector p\u00fablico. La presente declaraci\u00f3n de accesibilidad se aplica al sitio web&nbsp;https:\/\/noraartetxeornes.com\/ Situaci\u00f3n de cumplimiento Este sitio web es parcialmente conforme con el&nbsp;RD [&hellip;]\" \/>\n<meta property=\"og:url\" content=\"https:\/\/noraartetxeornes.com\/es\/accesibilidad\/\" \/>\n<meta property=\"og:site_name\" content=\"Oxangoiti\" \/>\n<meta property=\"article:modified_time\" content=\"2026-03-17T16:30:40+00:00\" \/>\n<meta name=\"twitter:card\" content=\"summary_large_image\" \/>\n<meta name=\"twitter:label1\" content=\"Tiempo de lectura\" \/>\n\t<meta name=\"twitter:data1\" content=\"2 minutos\" \/>\n<script type=\"application\/ld+json\" class=\"yoast-schema-graph\">{\"@context\":\"https:\\\/\\\/schema.org\",\"@graph\":[{\"@type\":\"WebPage\",\"@id\":\"https:\\\/\\\/noraartetxeornes.com\\\/accesibilidad\\\/\",\"url\":\"https:\\\/\\\/noraartetxeornes.com\\\/accesibilidad\\\/\",\"name\":\"Irisgarritasuna - Oxangoiti\",\"isPartOf\":{\"@id\":\"https:\\\/\\\/noraartetxeornes.com\\\/#website\"},\"datePublished\":\"2026-03-10T15:29:05+00:00\",\"dateModified\":\"2026-03-17T16:30:40+00:00\",\"breadcrumb\":{\"@id\":\"https:\\\/\\\/noraartetxeornes.com\\\/accesibilidad\\\/#breadcrumb\"},\"inLanguage\":\"es\",\"potentialAction\":[{\"@type\":\"ReadAction\",\"target\":[\"https:\\\/\\\/noraartetxeornes.com\\\/accesibilidad\\\/\"]}]},{\"@type\":\"BreadcrumbList\",\"@id\":\"https:\\\/\\\/noraartetxeornes.com\\\/accesibilidad\\\/#breadcrumb\",\"itemListElement\":[{\"@type\":\"ListItem\",\"position\":1,\"name\":\"Portada\",\"item\":\"https:\\\/\\\/noraartetxeornes.com\\\/\"},{\"@type\":\"ListItem\",\"position\":2,\"name\":\"Irisgarritasuna\"}]},{\"@type\":\"WebSite\",\"@id\":\"https:\\\/\\\/noraartetxeornes.com\\\/#website\",\"url\":\"https:\\\/\\\/noraartetxeornes.com\\\/\",\"name\":\"Oxangoiti\",\"description\":\"\",\"publisher\":{\"@id\":\"https:\\\/\\\/noraartetxeornes.com\\\/#organization\"},\"potentialAction\":[{\"@type\":\"SearchAction\",\"target\":{\"@type\":\"EntryPoint\",\"urlTemplate\":\"https:\\\/\\\/noraartetxeornes.com\\\/?s={search_term_string}\"},\"query-input\":{\"@type\":\"PropertyValueSpecification\",\"valueRequired\":true,\"valueName\":\"search_term_string\"}}],\"inLanguage\":\"es\"},{\"@type\":\"Organization\",\"@id\":\"https:\\\/\\\/noraartetxeornes.com\\\/#organization\",\"name\":\"Oxangoiti\",\"url\":\"https:\\\/\\\/noraartetxeornes.com\\\/\",\"logo\":{\"@type\":\"ImageObject\",\"inLanguage\":\"es\",\"@id\":\"https:\\\/\\\/noraartetxeornes.com\\\/#\\\/schema\\\/logo\\\/image\\\/\",\"url\":\"https:\\\/\\\/noraartetxeornes.com\\\/wp-content\\\/uploads\\\/2026\\\/03\\\/noraartetxeornes_logo_web-scaled.png\",\"contentUrl\":\"https:\\\/\\\/noraartetxeornes.com\\\/wp-content\\\/uploads\\\/2026\\\/03\\\/noraartetxeornes_logo_web-scaled.png\",\"width\":2560,\"height\":1638,\"caption\":\"Oxangoiti\"},\"image\":{\"@id\":\"https:\\\/\\\/noraartetxeornes.com\\\/#\\\/schema\\\/logo\\\/image\\\/\"}}]}<\/script>\n<!-- \/ Yoast SEO plugin. -->","yoast_head_json":{"title":"Irisgarritasuna - Oxangoiti","robots":{"index":"index","follow":"follow","max-snippet":"max-snippet:-1","max-image-preview":"max-image-preview:large","max-video-preview":"max-video-preview:-1"},"canonical":"https:\/\/noraartetxeornes.com\/es\/accesibilidad\/","og_locale":"es_ES","og_type":"article","og_title":"Irisgarritasuna - Oxangoiti","og_description":"ACCESIBILIDAD Oxangoiti&nbsp;se ha comprometido a hacer accesible su sitio web, de conformidad con el&nbsp;Real Decreto 1112\/2018, de 7 de septiembre, sobre accesibilidad de los sitios web y aplicaciones para dispositivos m\u00f3viles del sector p\u00fablico. La presente declaraci\u00f3n de accesibilidad se aplica al sitio web&nbsp;https:\/\/noraartetxeornes.com\/ Situaci\u00f3n de cumplimiento Este sitio web es parcialmente conforme con el&nbsp;RD [&hellip;]","og_url":"https:\/\/noraartetxeornes.com\/es\/accesibilidad\/","og_site_name":"Oxangoiti","article_modified_time":"2026-03-17T16:30:40+00:00","twitter_card":"summary_large_image","twitter_misc":{"Tiempo de lectura":"2 minutos"},"schema":{"@context":"https:\/\/schema.org","@graph":[{"@type":"WebPage","@id":"https:\/\/noraartetxeornes.com\/accesibilidad\/","url":"https:\/\/noraartetxeornes.com\/accesibilidad\/","name":"Irisgarritasuna - Oxangoiti","isPartOf":{"@id":"https:\/\/noraartetxeornes.com\/#website"},"datePublished":"2026-03-10T15:29:05+00:00","dateModified":"2026-03-17T16:30:40+00:00","breadcrumb":{"@id":"https:\/\/noraartetxeornes.com\/accesibilidad\/#breadcrumb"},"inLanguage":"es","potentialAction":[{"@type":"ReadAction","target":["https:\/\/noraartetxeornes.com\/accesibilidad\/"]}]},{"@type":"BreadcrumbList","@id":"https:\/\/noraartetxeornes.com\/accesibilidad\/#breadcrumb","itemListElement":[{"@type":"ListItem","position":1,"name":"Portada","item":"https:\/\/noraartetxeornes.com\/"},{"@type":"ListItem","position":2,"name":"Irisgarritasuna"}]},{"@type":"WebSite","@id":"https:\/\/noraartetxeornes.com\/#website","url":"https:\/\/noraartetxeornes.com\/","name":"Oxangoiti","description":"","publisher":{"@id":"https:\/\/noraartetxeornes.com\/#organization"},"potentialAction":[{"@type":"SearchAction","target":{"@type":"EntryPoint","urlTemplate":"https:\/\/noraartetxeornes.com\/?s={search_term_string}"},"query-input":{"@type":"PropertyValueSpecification","valueRequired":true,"valueName":"search_term_string"}}],"inLanguage":"es"},{"@type":"Organization","@id":"https:\/\/noraartetxeornes.com\/#organization","name":"Oxangoiti","url":"https:\/\/noraartetxeornes.com\/","logo":{"@type":"ImageObject","inLanguage":"es","@id":"https:\/\/noraartetxeornes.com\/#\/schema\/logo\/image\/","url":"https:\/\/noraartetxeornes.com\/wp-content\/uploads\/2026\/03\/noraartetxeornes_logo_web-scaled.png","contentUrl":"https:\/\/noraartetxeornes.com\/wp-content\/uploads\/2026\/03\/noraartetxeornes_logo_web-scaled.png","width":2560,"height":1638,"caption":"Oxangoiti"},"image":{"@id":"https:\/\/noraartetxeornes.com\/#\/schema\/logo\/image\/"}}]}},"_links":{"self":[{"href":"https:\/\/noraartetxeornes.com\/es\/wp-json\/wp\/v2\/pages\/17","targetHints":{"allow":["GET"]}}],"collection":[{"href":"https:\/\/noraartetxeornes.com\/es\/wp-json\/wp\/v2\/pages"}],"about":[{"href":"https:\/\/noraartetxeornes.com\/es\/wp-json\/wp\/v2\/types\/page"}],"author":[{"embeddable":true,"href":"https:\/\/noraartetxeornes.com\/es\/wp-json\/wp\/v2\/users\/1"}],"replies":[{"embeddable":true,"href":"https:\/\/noraartetxeornes.com\/es\/wp-json\/wp\/v2\/comments?post=17"}],"version-history":[{"count":11,"href":"https:\/\/noraartetxeornes.com\/es\/wp-json\/wp\/v2\/pages\/17\/revisions"}],"predecessor-version":[{"id":378,"href":"https:\/\/noraartetxeornes.com\/es\/wp-json\/wp\/v2\/pages\/17\/revisions\/378"}],"wp:attachment":[{"href":"https:\/\/noraartetxeornes.com\/es\/wp-json\/wp\/v2\/media?parent=17"}],"curies":[{"name":"wp","href":"https:\/\/api.w.org\/{rel}","templated":true}]}}